{"id":14,"date":"2016-06-09T12:11:59","date_gmt":"2016-06-09T10:11:59","guid":{"rendered":"http:\/\/uksk.sk\/en\/?page_id=14"},"modified":"2025-06-11T14:35:15","modified_gmt":"2025-06-11T12:35:15","slug":"stranka22","status":"publish","type":"page","link":"http:\/\/uksk.sk\/en\/membership\/stranka22\/","title":{"rendered":"Members"},"content":{"rendered":"<p><strong>SLOVAK PLASTIC CLUSTER<a href=\"http:\/\/www.spklaster.sk\"><img decoding=\"async\" loading=\"lazy\" class=\" wp-image-107 alignright\" src=\"http:\/\/uksk.sk\/wp-content\/uploads\/2016\/05\/tn1_140.jpg\" alt=\"tn1_140\" width=\"148\" height=\"64\" \/><\/a><\/strong><\/p>\n<p>Site: Novoz\u00e1mock\u00e1 117\/222, 949 05 Nitra &#8211; Doln\u00e9 Kr\u0161kany<br \/>\nOffice address: Slovak Technical University in\u00a0Bratislava,<br \/>\nRadlinsk\u00e9ho 9, 812 37 Bratislava<\/p>\n<p>Katar\u00edna Ikr\u00e9nyiov\u00e1 \u2013 executive director<\/p>\n<p>tel: +421 (0) 903 909\u00a0676<br \/>\ne-mail: <a href=\"mailto:spklaster@spklaster.sk\">spklaster@spklaster.sk<\/a><br \/>\nweb: <a href=\"http:\/\/www.spklaster.sk\">www.spklaster.sk<\/a><\/p>\n<hr \/>\n<p><strong>PROUNION <\/strong><br \/>\nPiaristick\u00e1 2, 949 01 Nitra<a href=\"http:\/\/www.prounion.sk\"><img decoding=\"async\" loading=\"lazy\" class=\" wp-image-115 alignright\" src=\"http:\/\/uksk.sk\/wp-content\/uploads\/2016\/05\/Logo_PROUNION.png\" alt=\"Logo_PROUNION\" width=\"176\" height=\"54\" \/><\/a><\/p>\n<p>Daniel \u00c1cs \u2013 chairman<\/p>\n<p>tel.: +421 37 65 42 421<br \/>\ne-mail:\u00a0<a href=\"mailto:info@prounion.sk\">info@prounion.sk<\/a><br \/>\nweb: <a href=\"http:\/\/www.prounion.sk\">www.prounion.sk<\/a><\/p>\n<hr \/>\n<p><strong>Ko\u0161ice IT Valley<\/strong><br \/>\nTechnical university in Ko\u0161ice,<a href=\"http:\/\/www.kosiceitvalley.sk\"><img decoding=\"async\" loading=\"lazy\" class=\" wp-image-119 alignright\" src=\"http:\/\/uksk.sk\/wp-content\/uploads\/2016\/05\/main_logo.jpg\" alt=\"main_logo\" width=\"99\" height=\"105\" \/><\/a> Letn\u00e1 9, 040 01 Ko\u0161ice<\/p>\n<p>Miriama Hu\u010dkov\u00e1 \u2013 executive director<\/p>\n<p>e-mail: <a href=\"mailto:info@itvalley.sk\">info@itvalley.sk<\/a><br \/>\nweb: <a href=\"http:\/\/www.kosiceitvalley.sk\">www.kosiceitvalley.sk<\/a><\/p>\n<hr \/>\n<p><strong>Cluster of regional development<a href=\"http:\/\/www.krr.sk\/\"><img decoding=\"async\" loading=\"lazy\" class=\" wp-image-510 alignright\" src=\"http:\/\/uksk.sk\/wp-content\/uploads\/2019\/07\/krr-300x100.jpg\" alt=\"\" width=\"216\" height=\"72\" \/><br \/>\n<\/a><\/strong>Mikov\u00edniho 217\/4, 917 01 Trnava<\/p>\n<p>Marek Turansk\u00fd \u2013 director<\/p>\n<p>tel.: +421 (0) 905\u00a0576 710<br \/>\ne-mail: <a href=\"mailto:riaditel@krr.sk\">riaditel@krr.sk<\/a><br \/>\nweb: <a href=\"http:\/\/www.krr.sk\">www.krr.sk<\/a><\/p>\n<hr \/>\n<p><strong>Bioeconomy Cluster<a href=\"http:\/\/www.bioeconomy.sk\"><img decoding=\"async\" loading=\"lazy\" class=\" wp-image-216 alignright\" src=\"http:\/\/uksk.sk\/wp-content\/uploads\/2016\/05\/logo01-300x123.png\" alt=\"logo01\" width=\"188\" height=\"77\" \/><\/a><\/strong><br \/>\nPiaristick\u00e1 2, 949 01 Nitra, Slovakia<\/p>\n<p>Katar\u00edna Blicklingov\u00e1 &#8211; director<\/p>\n<p>tel.: +421 (0) 904 997 577<br \/>\ne-mail: <a href=\"mailto:info@bioeconomy.sk\">info@bioeconomy.sk<\/a><br \/>\nweb: <a href=\"http:\/\/www.bioeconomy.sk\">www.bioeconomy.sk<\/a><\/p>\n<hr \/>\n<p><strong>Industry Innovation Cluster<\/strong><br \/>\nMobis street 442\/2, 013 02 Gbe\u013eany<a href=\"http:\/\/www.industryinnovationcluster.sk\"><img decoding=\"async\" loading=\"lazy\" class=\"size-full wp-image-419 alignright\" src=\"http:\/\/uksk.sk\/wp-content\/uploads\/2019\/02\/logo.png\" alt=\"\" width=\"194\" height=\"74\" \/><\/a><\/p>\n<p>Martina Le Gall Mal\u00e1kov\u00e1 &#8211; president<\/p>\n<p>tel.: +421 (0) 903 610 261<br \/>\ne-mail: <a href=\"mailto:malakova@electrik.sk\">malakova@electrik.sk<\/a><br \/>\nweb: <a href=\"http:\/\/www.industryinnovationcluster.sk\">www.industryinnovationcluster.sk<\/a><\/p>\n<hr \/>\n<p><b>National energy cluster NEK<a href=\"http:\/\/www.nek.sk\/\"><img decoding=\"async\" loading=\"lazy\" class=\" wp-image-501 alignright\" src=\"http:\/\/uksk.sk\/wp-content\/uploads\/2019\/07\/nek-300x161.jpg\" alt=\"\" width=\"174\" height=\"93\" \/><\/a><\/b><b><br \/>\n<\/b>Z\u00e1hradn\u00edcka 72, 821 08 Bratislava<\/p>\n<p>Ing. Jozef Kova\u010dovi\u010d &#8211; president<\/p>\n<p>e-mail: <a>info@nek.sk<\/a><br \/>\nweb: <a href=\"http:\/\/www.nek.sk\/\">www.nek.sk<\/a><\/p>\n<hr \/>\n<p><b>House of Events Innovation<a href=\"http:\/\/www.heicluster.com\" target=\"_blank\" rel=\"noopener noreferrer\"><img decoding=\"async\" loading=\"lazy\" class=\"wp-image-711 alignright\" src=\"http:\/\/uksk.sk\/wp-content\/uploads\/2020\/06\/hei2-300x206.png\" alt=\"\" width=\"141\" height=\"96\" \/><\/a><\/b><b><br \/>\n<\/b>Krajinsk\u00e1 11288\/44, 821 06 Bratislava &#8211; Podunajsk\u00e9 Biskupice<\/p>\n<p>Ing. Viliam Bo\u0161iak, MBA &#8211; executive director<\/p>\n<p>e-mail: <a>info@heicluster.sk<\/a><br \/>\nweb: <a href=\"http:\/\/www.heicluster.com\/\">www.heicluster.com<\/a><\/p>\n<hr \/>\n<p><b>Slovak Smart City Cluster<a href=\"http:\/\/www.smartcluster.sk\/\" target=\"_blank\" rel=\"noopener noreferrer\"><img decoding=\"async\" loading=\"lazy\" class=\"size-medium wp-image-569 alignright\" src=\"http:\/\/uksk.sk\/wp-content\/uploads\/2020\/01\/Logo-SSCC-300x101.jpg\" alt=\"\" width=\"300\" height=\"101\" \/><\/a><\/b><b><br \/>\n<\/b>N\u00e1mestie sv. Eg\u00eddia 44, 058 01 Poprad<\/p>\n<p>Mgr. Igor Wzo\u0161 &#8211; chairman<\/p>\n<p>e-mail: <a href=\"mailto:sscc@smartcluster.sk\">sscc@smartcluster.sk<\/a><br \/>\nweb: <a href=\"http:\/\/www.smartcluster.sk\/\">www.smartcluster.sk<\/a><\/p>\n<hr \/>\n<p><b>Slovak Association of Sustainable Energy<br \/>\n<a href=\"http:\/\/www.sapi.sk\" target=\"_blank\" rel=\"noopener noreferrer\"><img decoding=\"async\" loading=\"lazy\" class=\"alignright wp-image-732\" src=\"http:\/\/uksk.sk\/wp-content\/uploads\/2020\/08\/sapi.jpg\" alt=\"\" width=\"235\" height=\"136\" \/><\/a><\/b>Budy\u0161\u00ednska 94\/36, 831 02 Bratislava<\/p>\n<p>Ing. J\u00e1n Karaba, MSc. &#8211; director<\/p>\n<p>e-mail:<span style=\"color: #3366ff;\"> <a style=\"color: #3366ff;\" href=\"jan.karaba@sapi.sk\">info@sapi.sk<\/a><\/span><br \/>\nweb: <a href=\"http:\/\/www.sapi.sk\"><span style=\"color: #3366ff;\">www.sapi.sk<\/span><\/a><\/p>\n<hr \/>\n<p><b>Energy Environmental Cluster from Ipel region<a href=\"https:\/\/www.ipeek.eco\/\" target=\"_blank\" rel=\"noopener noreferrer\"><img decoding=\"async\" loading=\"lazy\" class=\" wp-image-739 alignright\" src=\"http:\/\/uksk.sk\/wp-content\/uploads\/2020\/09\/IPEEK-logo-300x186.jpg\" alt=\"\" width=\"199\" height=\"123\" \/><\/a><\/b><b><br \/>\n<\/b>Nemocni\u010dn\u00e1 757\/3, 990 01 Ve\u013ek\u00fd Krt\u00ed\u0161<\/p>\n<p>Ing. Rudolf Poll\u00e1k &#8211; chairman<\/p>\n<p>e-mail:<span style=\"color: #0000ff;\"><a style=\"color: #0000ff;\" href=\"mailto:office@ipeek.eco\"> office@ipeek.eco<\/a><\/span><br \/>\nweb: <a href=\"https:\/\/www.ipeek.eco\/\"><span style=\"color: #0000ff;\">www.ipeek.eco<\/span><\/a><\/p>\n<hr \/>\n<p><b><strong>Cyber \u200b\u200bSecurity Cluster<\/strong><a href=\"http:\/\/www.clusterkb.sk\"><img decoding=\"async\" loading=\"lazy\" class=\"wp-image-742 alignright\" src=\"http:\/\/uksk.sk\/wp-content\/uploads\/2020\/09\/ckb-logo-02-300x300.jpg\" alt=\"\" width=\"167\" height=\"167\" \/><\/a><\/b><b><br \/>\n<\/b>\u0160kolsk\u00e1 10\/119, 031 01 Liptovsk\u00fd Mikul\u00e1\u0161<\/p>\n<p>Ing. J\u00e1n Lichv\u00e1r &#8211; executive manager<\/p>\n<p>e-mail:<a href=\"mailto:office@clusterkb.sk\"><span style=\"color: #0000ff;\"> office@clusterkb.sk<\/span><\/a><br \/>\nweb: <span style=\"color: #0000ff;\"><a style=\"color: #0000ff;\" href=\"http:\/\/www.clusterkb.sk\">www.clusterkb.sk<\/a><\/span><\/p>\n<hr \/>\n<p><b>Slovak Hydrogen Association<a href=\"http:\/\/www.nvas.sk\" rel=\"noopener\"><img decoding=\"async\" loading=\"lazy\" class=\"alignright\" src=\"http:\/\/uksk.sk\/wp-content\/uploads\/2024\/09\/NVAS.png\" alt=\"\" width=\"171\" height=\"177\" \/><\/a><\/b><b><br \/>\n<\/b>Budy\u0161\u00ednska 36, 831 02 Bratislava<\/p>\n<p>Ing. Peter Hegedu\u0161 &#8211; chairman<\/p>\n<p>e-mail: <span style=\"color: #0000ff;\"><a style=\"color: #0000ff;\" href=\"mailto:p.hegedus@nvas.sk\">p.hegedus@nvas.sk<\/a><\/span><br \/>\nweb: <span style=\"color: #0000ff;\"><a style=\"color: #0000ff;\" href=\"http:\/\/www.nvas.sk\">www.nvas.sk<\/a><\/span><\/p>\n<hr \/>\n<p><b>REGIONAL INNOVATION INDUSTRIAL CLUSTER RIMAVSK\u00c1 KOTLINA REPRIK<br \/>\n<a href=\"http:\/\/www.reprik.eu\"><img decoding=\"async\" loading=\"lazy\" class=\"size-medium wp-image-779 alignright\" src=\"http:\/\/uksk.sk\/wp-content\/uploads\/2020\/10\/reprik_2_final-300x72.png\" alt=\"\" width=\"300\" height=\"72\" \/><\/a><\/b>Ulica Mieru 238\/24, 98 002 Jesensk\u00e9<\/p>\n<p>Matej Plesn\u00edk, Dis. &#8211; chairman<\/p>\n<p>e-mail: <span style=\"color: #0000ff;\"><a style=\"color: #0000ff;\" href=\"inforeprik@gmail.com\">inforeprik@gmail.com<\/a><\/span><br \/>\nweb: <span style=\"color: #0000ff;\"><a style=\"color: #0000ff;\" href=\"http:\/\/www.reprik.eu\/\">www.reprik.eu<\/a><\/span><\/p>\n<hr \/>\n<p><b>Food Chamber of Slovakia<a href=\"http:\/\/www.pks.sk\"><img decoding=\"async\" loading=\"lazy\" class=\"alignright wp-image-874\" src=\"http:\/\/uksk.sk\/wp-content\/uploads\/2022\/03\/PKS-logoRGB-300x240.jpg\" alt=\"\" width=\"223\" height=\"178\" \/><\/a><br \/>\n<\/b><b><br \/>\n<\/b>Einsteinova 3817\/19, 851 01 Bratislava &#8211; Petr\u017ealka<\/p>\n<p>Mgr. Daniel Poturnay &#8211; president<\/p>\n<p>e-mail: <span style=\"color: #0000ff;\"><a style=\"color: #0000ff;\" href=\"services@becsslovakia.com\">pks@pks.sk<\/a><\/span><br \/>\nweb: <a href=\"http:\/\/www.pks.sk\"><span style=\"color: #0000ff;\">www.pks.sk<\/span><\/a><\/p>\n<hr \/>\n<p><b>Smart Klaster &#8211; StartUP HUB<a href=\"http:\/\/www.uphub.sk\"><img decoding=\"async\" loading=\"lazy\" class=\"size-full wp-image-991 alignright\" src=\"http:\/\/uksk.sk\/wp-content\/uploads\/2023\/06\/smartklaster-logo.jpg\" alt=\"\" width=\"292\" height=\"68\" \/><\/a><br \/>\n<\/b><b><br \/>\n<\/b>Mat\u00fa\u0161kovo 913, 925 01 Mat\u00fa\u0161kovo<\/p>\n<p>PhDr. Miroslav Pol\u00e1\u010dek, MBA &#8211; executive director<\/p>\n<p>e-mail: <span style=\"color: #0000ff;\"><a style=\"color: #0000ff;\" href=\"smartklaster@gmail.com\">smartklaster@gmail.com<\/a><\/span><br \/>\nweb: <a href=\"http:\/\/www.uphub.sk\"><span style=\"color: #0000ff;\">www.uphub.sk<\/span><\/a><\/p>\n<hr \/>\n<p><b>Cluster of Energy Communities of Slovakia<br \/>\n<a href=\"http:\/\/www.keks.energy\"><img decoding=\"async\" loading=\"lazy\" class=\"alignright wp-image-1061 size-medium\" src=\"http:\/\/uksk.sk\/wp-content\/uploads\/2024\/12\/KEKS-logo-300x71.png\" alt=\"\" width=\"300\" height=\"71\" \/><\/a><\/b><\/p>\n<p><b><\/b>Ro\u017e\u0148avsk\u00e1 4588\/24, 821 04 Bratislava<\/p>\n<p>Ing. Richard Modr\u00e1k &#8211; chairman<\/p>\n<p>e-mail: <span style=\"color: #0000ff;\"><a style=\"color: #0000ff;\" href=\"info@keks.energy\">info@keks.energy<\/a><\/span><br \/>\nweb: <a href=\"https:\/\/keks.energy\/\"><span style=\"color: #0000ff;\">www.keks.energy<\/span><\/a><\/p>\n","protected":false},"excerpt":{"rendered":"<p>SLOVAK PLASTIC CLUSTER Site: Novoz\u00e1mock\u00e1 117\/222, 949 05 Nitra &#8211; Doln\u00e9 Kr\u0161kany Office address: Slovak Technical University in\u00a0Bratislava, Radlinsk\u00e9ho 9, 812 37 Bratislava Katar\u00edna<a class=\"moretag\" href=\"http:\/\/uksk.sk\/en\/membership\/stranka22\/\">Read More&#8230;<\/a><\/p>\n","protected":false},"author":1,"featured_media":0,"parent":13,"menu_order":1,"comment_status":"closed","ping_status":"closed","template":"","meta":[],"_links":{"self":[{"href":"http:\/\/uksk.sk\/en\/wp-json\/wp\/v2\/pages\/14"}],"collection":[{"href":"http:\/\/uksk.sk\/en\/wp-json\/wp\/v2\/pages"}],"about":[{"href":"http:\/\/uksk.sk\/en\/wp-json\/wp\/v2\/types\/page"}],"author":[{"embeddable":true,"href":"http:\/\/uksk.sk\/en\/wp-json\/wp\/v2\/users\/1"}],"replies":[{"embeddable":true,"href":"http:\/\/uksk.sk\/en\/wp-json\/wp\/v2\/comments?post=14"}],"version-history":[{"count":6,"href":"http:\/\/uksk.sk\/en\/wp-json\/wp\/v2\/pages\/14\/revisions"}],"predecessor-version":[{"id":510,"href":"http:\/\/uksk.sk\/en\/wp-json\/wp\/v2\/pages\/14\/revisions\/510"}],"up":[{"embeddable":true,"href":"http:\/\/uksk.sk\/en\/wp-json\/wp\/v2\/pages\/13"}],"wp:attachment":[{"href":"http:\/\/uksk.sk\/en\/wp-json\/wp\/v2\/media?parent=14"}],"curies":[{"name":"wp","href":"https:\/\/api.w.org\/{rel}","templated":true}]}}