{"id":56,"date":"2016-06-09T12:55:25","date_gmt":"2016-06-09T10:55:25","guid":{"rendered":"http:\/\/uksk.sk\/en\/?page_id=56"},"modified":"2020-08-18T10:22:15","modified_gmt":"2020-08-18T08:22:15","slug":"management-of-uks","status":"publish","type":"page","link":"https:\/\/uksk.sk\/en\/page1-2\/management-of-uks\/","title":{"rendered":"Management of UKS"},"content":{"rendered":"<p><span style=\"color: #0000ff;\"><strong>President of UKS<\/strong><\/span><br \/>\nDr Daniel \u00c1cs<\/p>\n<p><strong><span style=\"color: #0000ff;\">Presidium of UKS<\/span><\/strong><br \/>\nHouse of Events Innovation, Krajinsk\u00e1 11288\/44, 821 06 Bratislava &#8211; Podunajsk\u00e9 Biskupice, represented by Viliam Bo\u0161iak, MBA<br \/>\nPROUNION, a.s., Piaristick\u00e1 2, 949 01 Nitra, represented by Dr Daniel \u00c1cs<br \/>\nBioeconomy Cluster, Piaristick\u00e1 2, 949 01 Nitra, represented by Dr Katar\u00edna Blicklingov\u00e1<\/p>\n<p><span style=\"color: #0000ff;\"><strong>Supervisory Board<\/strong><\/span><br \/>\nNational energy Cluster NEK, Z\u00e1hradn\u00edcka 72, 821 08 Bratislava \u2013 Chairman of the Supervisory Board, represented by Dr Tom\u00e1\u0161 Novotn\u00fd<br \/>\nCluster of regional development, Mikov\u00edniho 217\/4, 917 01 Trnava \u2013 Member of the Supervisory Board, represented by Dr Marek Turansk\u00fd<br \/>\nEnergy Cluster of Pre\u0161ov Region, Levo\u010dsk\u00e1 12, 080 01, Pre\u0161ov \u2013 Member of the Supervisory Board, represented by Dr Alexander Tokar\u010d\u00edk<\/p>\n","protected":false},"excerpt":{"rendered":"<p>President of UKS Dr Daniel \u00c1cs Presidium of UKS House of Events Innovation, Krajinsk\u00e1 11288\/44, 821 06 Bratislava &#8211; Podunajsk\u00e9 Biskupice, represented by Viliam<a class=\"moretag\" href=\"https:\/\/uksk.sk\/en\/page1-2\/management-of-uks\/\">Read More&#8230;<\/a><\/p>\n","protected":false},"author":1,"featured_media":0,"parent":4,"menu_order":2,"comment_status":"closed","ping_status":"closed","template":"","meta":[],"_links":{"self":[{"href":"https:\/\/uksk.sk\/en\/wp-json\/wp\/v2\/pages\/56"}],"collection":[{"href":"https:\/\/uksk.sk\/en\/wp-json\/wp\/v2\/pages"}],"about":[{"href":"https:\/\/uksk.sk\/en\/wp-json\/wp\/v2\/types\/page"}],"author":[{"embeddable":true,"href":"https:\/\/uksk.sk\/en\/wp-json\/wp\/v2\/users\/1"}],"replies":[{"embeddable":true,"href":"https:\/\/uksk.sk\/en\/wp-json\/wp\/v2\/comments?post=56"}],"version-history":[{"count":6,"href":"https:\/\/uksk.sk\/en\/wp-json\/wp\/v2\/pages\/56\/revisions"}],"predecessor-version":[{"id":416,"href":"https:\/\/uksk.sk\/en\/wp-json\/wp\/v2\/pages\/56\/revisions\/416"}],"up":[{"embeddable":true,"href":"https:\/\/uksk.sk\/en\/wp-json\/wp\/v2\/pages\/4"}],"wp:attachment":[{"href":"https:\/\/uksk.sk\/en\/wp-json\/wp\/v2\/media?parent=56"}],"curies":[{"name":"wp","href":"https:\/\/api.w.org\/{rel}","templated":true}]}}